{"id":26,"date":"2021-10-20T22:42:33","date_gmt":"2021-10-20T20:42:33","guid":{"rendered":"https:\/\/et-taschler.de\/?page_id=26"},"modified":"2022-04-12T13:51:41","modified_gmt":"2022-04-12T11:51:41","slug":"impressum","status":"publish","type":"page","link":"https:\/\/et-taschler.de\/en\/impressum\/","title":{"rendered":"Legal notice"},"content":{"rendered":"<div data-elementor-type=\"wp-page\" data-elementor-id=\"26\" class=\"elementor elementor-26\">\n\t\t\t\t\t\t\t\t\t<section class=\"elementor-section elementor-top-section elementor-element elementor-element-87209f6 elementor-section-boxed elementor-section-height-default elementor-section-height-default\" data-id=\"87209f6\" data-element_type=\"section\">\n\t\t\t\t\t\t<div class=\"elementor-container elementor-column-gap-default\">\n\t\t\t\t\t<div class=\"elementor-column elementor-col-100 elementor-top-column elementor-element elementor-element-6354585\" data-id=\"6354585\" data-element_type=\"column\">\n\t\t\t<div class=\"elementor-widget-wrap elementor-element-populated\">\n\t\t\t\t\t\t\t\t<div class=\"elementor-element elementor-element-6cc2a06 elementor-widget elementor-widget-heading\" data-id=\"6cc2a06\" data-element_type=\"widget\" data-widget_type=\"heading.default\">\n\t\t\t\t<div class=\"elementor-widget-container\">\n\t\t\t<style>\/*! elementor - v3.15.0 - 20-08-2023 *\/\n.elementor-heading-title{padding:0;margin:0;line-height:1}.elementor-widget-heading .elementor-heading-title[class*=elementor-size-]>a{color:inherit;font-size:inherit;line-height:inherit}.elementor-widget-heading .elementor-heading-title.elementor-size-small{font-size:15px}.elementor-widget-heading .elementor-heading-title.elementor-size-medium{font-size:19px}.elementor-widget-heading .elementor-heading-title.elementor-size-large{font-size:29px}.elementor-widget-heading .elementor-heading-title.elementor-size-xl{font-size:39px}.elementor-widget-heading .elementor-heading-title.elementor-size-xxl{font-size:59px}<\/style><h2 class=\"elementor-heading-title elementor-size-default\">Legal notice<\/h2>\t\t<\/div>\n\t\t\t\t<\/div>\n\t\t\t\t<div class=\"elementor-element elementor-element-ea5cdc1 elementor-widget elementor-widget-text-editor\" data-id=\"ea5cdc1\" data-element_type=\"widget\" data-widget_type=\"text-editor.default\">\n\t\t\t\t<div class=\"elementor-widget-container\">\n\t\t\t<style>\/*! elementor - v3.15.0 - 20-08-2023 *\/\n.elementor-widget-text-editor.elementor-drop-cap-view-stacked .elementor-drop-cap{background-color:#69727d;color:#fff}.elementor-widget-text-editor.elementor-drop-cap-view-framed .elementor-drop-cap{color:#69727d;border:3px solid;background-color:transparent}.elementor-widget-text-editor:not(.elementor-drop-cap-view-default) .elementor-drop-cap{margin-top:8px}.elementor-widget-text-editor:not(.elementor-drop-cap-view-default) .elementor-drop-cap-letter{width:1em;height:1em}.elementor-widget-text-editor .elementor-drop-cap{float:left;text-align:center;line-height:1;font-size:50px}.elementor-widget-text-editor .elementor-drop-cap-letter{display:inline-block}<\/style>\t\t\t\t<p><strong>Angaben gem\u00e4\u00df \u00a7 5 TMG<\/strong><\/p><p>Nikola Taschler<br \/>Praxis f\u00fcr Ergotherapie Taschler<br \/>Kaiserstra\u00dfe 57\/1<br \/>72764 Reutlingen<\/p><p><strong>Contact<\/strong><br \/>Telefon: 07121 321666<br \/>Telefax: 07121 310003<br \/>E-Mail: mail@et-taschler.de<\/p><p><strong>Berufsbezeichnung und berufsrechtliche Regelungen<\/strong><br \/>Berufsbezeichnung:<br \/>Ergotherapeut<\/p><p>Zust\u00e4ndige Kammer:<br \/>Deutscher Verband Ergotherapie e.V.<br \/>Becker-G\u00f6ring-Str. 26\/1<br \/>76307 Karlsbad<\/p><p>Verliehen in:<br \/>Deutschland<\/p><p><strong>Es gelten folgende berufsrechtliche Regelungen:<\/strong><br \/>Angaben zur Berufshaftpflichtversicherung<br \/>Name und Sitz des Versicherers:<br \/>SV Sparkassen Versicherung<br \/>L\u00f6wentorstra\u00dfe 65<br \/>70376 Stuttgart<\/p><p>Geltungsraum der Versicherung:<br \/>Deutschland<\/p><p><strong>Redaktionell verantwortlich<\/strong><br \/>Johanna Kropp<br \/>Kaiserstra\u00dfe 57\/1<br \/>72764 Reutlingen<\/p><p><strong>Verbraucherstreitbeilegung\/<br \/>Universalschlichtungsstelle<\/strong><br \/>Wir sind nicht bereit oder verpflichtet, an Streitbeilegungsverfahren vor einer<br \/>Verbraucherschlichtungsstelle teilzunehmen.<\/p><p>Quelle:<br \/>e-recht24.de<\/p>\t\t\t\t\t\t<\/div>\n\t\t\t\t<\/div>\n\t\t\t\t\t<\/div>\n\t\t<\/div>\n\t\t\t\t\t\t\t<\/div>\n\t\t<\/section>\n\t\t\t\t<section class=\"elementor-section elementor-top-section elementor-element elementor-element-e35b6f8 elementor-section-boxed elementor-section-height-default elementor-section-height-default\" data-id=\"e35b6f8\" data-element_type=\"section\">\n\t\t\t\t\t\t<div class=\"elementor-container elementor-column-gap-default\">\n\t\t\t\t\t<div class=\"elementor-column elementor-col-25 elementor-top-column elementor-element elementor-element-a46f561\" data-id=\"a46f561\" data-element_type=\"column\">\n\t\t\t<div class=\"elementor-widget-wrap elementor-element-populated\">\n\t\t\t\t\t\t\t\t<div class=\"elementor-element elementor-element-bc20b58 elementor-widget elementor-widget-text-editor\" data-id=\"bc20b58\" data-element_type=\"widget\" data-widget_type=\"text-editor.default\">\n\t\t\t\t<div class=\"elementor-widget-container\">\n\t\t\t\t\t\t\t<p><strong>Design und Umsetzung der Webseite:<\/strong><\/p>\t\t\t\t\t\t<\/div>\n\t\t\t\t<\/div>\n\t\t\t\t<div class=\"elementor-element elementor-element-0b993ee elementor-widget__width-initial elementor-widget elementor-widget-image\" data-id=\"0b993ee\" data-element_type=\"widget\" data-widget_type=\"image.default\">\n\t\t\t\t<div class=\"elementor-widget-container\">\n\t\t\t<style>\/*! elementor - v3.15.0 - 20-08-2023 *\/\n.elementor-widget-image{text-align:center}.elementor-widget-image a{display:inline-block}.elementor-widget-image a img[src$=\".svg\"]{width:48px}.elementor-widget-image img{vertical-align:middle;display:inline-block}<\/style>\t\t\t\t\t\t\t\t\t\t\t\t<img loading=\"lazy\" decoding=\"async\" width=\"1863\" height=\"1424\" src=\"https:\/\/et-taschler.de\/wp-content\/uploads\/2022\/04\/dh_logo_rgb_black.png\" class=\"attachment-full size-full wp-image-860\" alt=\"\" srcset=\"https:\/\/et-taschler.de\/wp-content\/uploads\/2022\/04\/dh_logo_rgb_black.png 1863w, https:\/\/et-taschler.de\/wp-content\/uploads\/2022\/04\/dh_logo_rgb_black-300x229.png 300w, https:\/\/et-taschler.de\/wp-content\/uploads\/2022\/04\/dh_logo_rgb_black-1024x783.png 1024w, https:\/\/et-taschler.de\/wp-content\/uploads\/2022\/04\/dh_logo_rgb_black-768x587.png 768w, https:\/\/et-taschler.de\/wp-content\/uploads\/2022\/04\/dh_logo_rgb_black-1536x1174.png 1536w, https:\/\/et-taschler.de\/wp-content\/uploads\/2022\/04\/dh_logo_rgb_black-16x12.png 16w\" sizes=\"auto, (max-width: 1863px) 100vw, 1863px\" \/>\t\t\t\t\t\t\t\t\t\t\t\t\t\t\t<\/div>\n\t\t\t\t<\/div>\n\t\t\t\t<div class=\"elementor-element elementor-element-3351d24 elementor-widget elementor-widget-text-editor\" data-id=\"3351d24\" data-element_type=\"widget\" data-widget_type=\"text-editor.default\">\n\t\t\t\t<div class=\"elementor-widget-container\">\n\t\t\t\t\t\t\t<p><span style=\"color: var(--ast-global-color-3); font-style: inherit; font-weight: inherit;\"><a href=\"https:\/\/www.linkedin.com\/in\/daniel-hermann-8514521a7\/\">Daniel Hermann<\/a>, 2022<\/span><\/p>\t\t\t\t\t\t<\/div>\n\t\t\t\t<\/div>\n\t\t\t\t\t<\/div>\n\t\t<\/div>\n\t\t\t\t<div class=\"elementor-column elementor-col-25 elementor-top-column elementor-element elementor-element-2369e4c\" data-id=\"2369e4c\" data-element_type=\"column\">\n\t\t\t<div class=\"elementor-widget-wrap\">\n\t\t\t\t\t\t\t\t\t<\/div>\n\t\t<\/div>\n\t\t\t\t<div class=\"elementor-column elementor-col-25 elementor-top-column elementor-element elementor-element-087acd1\" data-id=\"087acd1\" data-element_type=\"column\">\n\t\t\t<div class=\"elementor-widget-wrap\">\n\t\t\t\t\t\t\t\t\t<\/div>\n\t\t<\/div>\n\t\t\t\t<div class=\"elementor-column elementor-col-25 elementor-top-column elementor-element elementor-element-3e90f02\" data-id=\"3e90f02\" data-element_type=\"column\">\n\t\t\t<div class=\"elementor-widget-wrap\">\n\t\t\t\t\t\t\t\t\t<\/div>\n\t\t<\/div>\n\t\t\t\t\t\t\t<\/div>\n\t\t<\/section>\n\t\t\t\t\t\t\t<\/div>","protected":false},"excerpt":{"rendered":"<p>Impressum Angaben gem\u00e4\u00df \u00a7 5 TMG Nikola TaschlerPraxis f\u00fcr Ergotherapie TaschlerKaiserstra\u00dfe 57\/172764 Reutlingen KontaktTelefon: 07121 321666Telefax: 07121 310003E-Mail: mail@et-taschler.de Berufsbezeichnung und berufsrechtliche RegelungenBerufsbezeichnung:Ergotherapeut Zust\u00e4ndige Kammer:Deutscher Verband Ergotherapie e.V.Becker-G\u00f6ring-Str. 26\/176307 Karlsbad Verliehen in:Deutschland Es gelten folgende berufsrechtliche Regelungen:Angaben zur BerufshaftpflichtversicherungName und Sitz des Versicherers:SV Sparkassen VersicherungL\u00f6wentorstra\u00dfe 6570376 Stuttgart Geltungsraum der Versicherung:Deutschland Redaktionell verantwortlichJohanna KroppKaiserstra\u00dfe 57\/172764 Reutlingen &hellip;<\/p>\n<p class=\"read-more\"> <a class=\"\" href=\"https:\/\/et-taschler.de\/en\/impressum\/\"> <span class=\"screen-reader-text\">Legal notice<\/span> Read More &raquo;<\/a><\/p>","protected":false},"author":1,"featured_media":0,"parent":0,"menu_order":0,"comment_status":"closed","ping_status":"closed","template":"","meta":{"site-sidebar-layout":"no-sidebar","site-content-layout":"page-builder","ast-site-content-layout":"","site-content-style":"default","site-sidebar-style":"default","ast-global-header-display":"","ast-banner-title-visibility":"","ast-main-header-display":"","ast-hfb-above-header-display":"","ast-hfb-below-header-display":"","ast-hfb-mobile-header-display":"","site-post-title":"disabled","ast-breadcrumbs-content":"","ast-featured-img":"disabled","footer-sml-layout":"","theme-transparent-header-meta":"default","adv-header-id-meta":"","stick-header-meta":"","header-above-stick-meta":"","header-main-stick-meta":"","header-below-stick-meta":"","astra-migrate-meta-layouts":"","footnotes":""},"class_list":["post-26","page","type-page","status-publish","hentry"],"_links":{"self":[{"href":"https:\/\/et-taschler.de\/en\/wp-json\/wp\/v2\/pages\/26","targetHints":{"allow":["GET"]}}],"collection":[{"href":"https:\/\/et-taschler.de\/en\/wp-json\/wp\/v2\/pages"}],"about":[{"href":"https:\/\/et-taschler.de\/en\/wp-json\/wp\/v2\/types\/page"}],"author":[{"embeddable":true,"href":"https:\/\/et-taschler.de\/en\/wp-json\/wp\/v2\/users\/1"}],"replies":[{"embeddable":true,"href":"https:\/\/et-taschler.de\/en\/wp-json\/wp\/v2\/comments?post=26"}],"version-history":[{"count":10,"href":"https:\/\/et-taschler.de\/en\/wp-json\/wp\/v2\/pages\/26\/revisions"}],"predecessor-version":[{"id":880,"href":"https:\/\/et-taschler.de\/en\/wp-json\/wp\/v2\/pages\/26\/revisions\/880"}],"wp:attachment":[{"href":"https:\/\/et-taschler.de\/en\/wp-json\/wp\/v2\/media?parent=26"}],"curies":[{"name":"wp","href":"https:\/\/api.w.org\/{rel}","templated":true}]}}